{"id":407,"date":"2025-09-11T10:50:10","date_gmt":"2025-09-11T08:50:10","guid":{"rendered":"https:\/\/villaceasesores.com\/?page_id=407"},"modified":"2025-09-11T11:11:04","modified_gmt":"2025-09-11T09:11:04","slug":"gestion-laboral","status":"publish","type":"page","link":"https:\/\/villaceasesores.com\/en\/servicios\/gestion-laboral\/","title":{"rendered":"Gesti\u00f3n laboral"},"content":{"rendered":"<div data-elementor-type=\"wp-page\" data-elementor-id=\"407\" class=\"elementor elementor-407\" data-elementor-post-type=\"page\">\n\t\t\t\t<div class=\"elementor-element elementor-element-1d7a7ff e-flex e-con-boxed e-con e-parent\" data-id=\"1d7a7ff\" data-element_type=\"container\" data-e-type=\"container\" data-settings=\"{&quot;background_background&quot;:&quot;classic&quot;}\">\n\t\t\t\t\t<div class=\"e-con-inner\">\n\t\t<div class=\"elementor-element elementor-element-1effbf1 e-con-full e-flex e-con e-child\" data-id=\"1effbf1\" data-element_type=\"container\" data-e-type=\"container\">\n\t\t\t\t<div class=\"elementor-element elementor-element-f33ee9e elementor-widget elementor-widget-heading\" data-id=\"f33ee9e\" data-element_type=\"widget\" data-e-type=\"widget\" data-widget_type=\"heading.default\">\n\t\t\t\t\t<h1 class=\"elementor-heading-title elementor-size-default\">Gesti\u00f3n laboral<\/h1>\t\t\t\t<\/div>\n\t\t\t\t<\/div>\n\t\t\t\t\t<\/div>\n\t\t\t\t<\/div>\n\t\t<div class=\"elementor-element elementor-element-8bfab5f e-con-full e-flex e-con e-child\" data-id=\"8bfab5f\" data-element_type=\"container\" data-e-type=\"container\">\n\t\t\t\t<div class=\"elementor-element elementor-element-1923678 elementor-widget elementor-widget-text-editor\" data-id=\"1923678\" data-element_type=\"widget\" data-e-type=\"widget\" data-widget_type=\"text-editor.default\">\n\t\t\t\t\t\t\t\t\t<p data-start=\"308\" data-end=\"681\">En <strong data-start=\"311\" data-end=\"331\">Villace Asesores<\/strong> somos especialistas en <strong data-start=\"355\" data-end=\"402\">gesti\u00f3n laboral y administraci\u00f3n de n\u00f3minas<\/strong> para aut\u00f3nomos, PYMES y empresas en Madrid. Desde 2013 ayudamos a nuestros clientes a cumplir con la normativa laboral y de Seguridad Social, asegurando que los empleados reciban sus n\u00f3minas de forma correcta y puntual, mientras el empresario gana en tranquilidad y confianza.<\/p>\t\t\t\t\t\t\t\t<\/div>\n\t\t<div class=\"elementor-element elementor-element-fa9624d e-con-full e-flex e-con e-child\" data-id=\"fa9624d\" data-element_type=\"container\" data-e-type=\"container\">\n\t\t<div class=\"elementor-element elementor-element-97256bf e-con-full e-flex e-con e-child\" data-id=\"97256bf\" data-element_type=\"container\" data-e-type=\"container\">\n\t\t\t\t<div class=\"elementor-element elementor-element-e9e276b elementor-widget elementor-widget-heading\" data-id=\"e9e276b\" data-element_type=\"widget\" data-e-type=\"widget\" data-widget_type=\"heading.default\">\n\t\t\t\t\t<h2 class=\"elementor-heading-title elementor-size-default\">Servicios de gesti\u00f3n laboral m\u00e1s demandados<\/h2>\t\t\t\t<\/div>\n\t\t\t\t<div class=\"elementor-element elementor-element-7764041 elementor-widget elementor-widget-text-editor\" data-id=\"7764041\" data-element_type=\"widget\" data-e-type=\"widget\" data-widget_type=\"text-editor.default\">\n\t\t\t\t\t\t\t\t\t<p>A continuaci\u00f3n, los servicios contables m\u00e1s demandados en Madrid y que proporcionamos con rigor y cercan\u00eda:<\/p>\t\t\t\t\t\t\t\t<\/div>\n\t\t<div class=\"elementor-element elementor-element-c92e72a e-con-full e-grid e-con e-child\" data-id=\"c92e72a\" data-element_type=\"container\" data-e-type=\"container\">\n\t\t<div class=\"elementor-element elementor-element-8029e47 e-con-full e-flex e-con e-child\" data-id=\"8029e47\" data-element_type=\"container\" data-e-type=\"container\" data-settings=\"{&quot;background_background&quot;:&quot;classic&quot;}\">\n\t\t\t\t<div class=\"elementor-element elementor-element-7a07506 elementor-widget elementor-widget-heading\" data-id=\"7a07506\" data-element_type=\"widget\" data-e-type=\"widget\" data-widget_type=\"heading.default\">\n\t\t\t\t\t<h3 class=\"elementor-heading-title elementor-size-default\">Elaboraci\u00f3n de n\u00f3minas y seguros sociales<\/h3>\t\t\t\t<\/div>\n\t\t\t\t<div class=\"elementor-element elementor-element-f15ac81 elementor-widget elementor-widget-text-editor\" data-id=\"f15ac81\" data-element_type=\"widget\" data-e-type=\"widget\" data-widget_type=\"text-editor.default\">\n\t\t\t\t\t\t\t\t\t<p>Confeccionamos las n\u00f3minas mensuales de tus empleados, aplicando convenios, deducciones y retenciones correctamente. Tambi\u00e9n gestionamos los boletines de cotizaci\u00f3n a la Seguridad Social (modelos RLC y RNT).<\/p>\t\t\t\t\t\t\t\t<\/div>\n\t\t\t\t<\/div>\n\t\t<div class=\"elementor-element elementor-element-38ec5f6 e-con-full e-flex e-con e-child\" data-id=\"38ec5f6\" data-element_type=\"container\" data-e-type=\"container\" data-settings=\"{&quot;background_background&quot;:&quot;classic&quot;}\">\n\t\t\t\t<div class=\"elementor-element elementor-element-b4e092f elementor-widget elementor-widget-heading\" data-id=\"b4e092f\" data-element_type=\"widget\" data-e-type=\"widget\" data-widget_type=\"heading.default\">\n\t\t\t\t\t<h3 class=\"elementor-heading-title elementor-size-default\">Contratos de trabajo y altas\/bajas en Seguridad Social<\/h3>\t\t\t\t<\/div>\n\t\t\t\t<div class=\"elementor-element elementor-element-4313979 elementor-widget elementor-widget-text-editor\" data-id=\"4313979\" data-element_type=\"widget\" data-e-type=\"widget\" data-widget_type=\"text-editor.default\">\n\t\t\t\t\t\t\t\t\t<p>Redactamos contratos adaptados a cada tipo de relaci\u00f3n laboral (indefinidos, temporales, formativos, a tiempo parcial) y tramitamos altas, bajas y variaciones en el sistema RED de la Seguridad Social.<\/p>\t\t\t\t\t\t\t\t<\/div>\n\t\t\t\t<\/div>\n\t\t<div class=\"elementor-element elementor-element-cebb927 e-con-full e-flex e-con e-child\" data-id=\"cebb927\" data-element_type=\"container\" data-e-type=\"container\" data-settings=\"{&quot;background_background&quot;:&quot;classic&quot;}\">\n\t\t\t\t<div class=\"elementor-element elementor-element-20fb435 elementor-widget elementor-widget-heading\" data-id=\"20fb435\" data-element_type=\"widget\" data-e-type=\"widget\" data-widget_type=\"heading.default\">\n\t\t\t\t\t<h3 class=\"elementor-heading-title elementor-size-default\">C\u00e1lculo de finiquitos y liquidaciones<\/h3>\t\t\t\t<\/div>\n\t\t\t\t<div class=\"elementor-element elementor-element-87f9e2d elementor-widget elementor-widget-text-editor\" data-id=\"87f9e2d\" data-element_type=\"widget\" data-e-type=\"widget\" data-widget_type=\"text-editor.default\">\n\t\t\t\t\t\t\t\t\t<p>Realizamos c\u00e1lculos de indemnizaciones, vacaciones pendientes y pagos finales en caso de despidos o finalizaci\u00f3n de contrato, asegurando el cumplimiento legal.<\/p>\t\t\t\t\t\t\t\t<\/div>\n\t\t\t\t<\/div>\n\t\t<div class=\"elementor-element elementor-element-f5b780a e-con-full e-flex e-con e-child\" data-id=\"f5b780a\" data-element_type=\"container\" data-e-type=\"container\" data-settings=\"{&quot;background_background&quot;:&quot;classic&quot;}\">\n\t\t\t\t<div class=\"elementor-element elementor-element-6abb463 elementor-widget elementor-widget-heading\" data-id=\"6abb463\" data-element_type=\"widget\" data-e-type=\"widget\" data-widget_type=\"heading.default\">\n\t\t\t\t\t<h3 class=\"elementor-heading-title elementor-size-default\">Gesti\u00f3n de incapacidades y bajas m\u00e9dicas<\/h3>\t\t\t\t<\/div>\n\t\t\t\t<div class=\"elementor-element elementor-element-9db38c0 elementor-widget elementor-widget-text-editor\" data-id=\"9db38c0\" data-element_type=\"widget\" data-e-type=\"widget\" data-widget_type=\"text-editor.default\">\n\t\t\t\t\t\t\t\t\t<p>Tramitamos partes de baja, confirmaci\u00f3n y alta por enfermedad com\u00fan o accidente laboral, manteniendo al d\u00eda la comunicaci\u00f3n con Seguridad Social y mutuas colaboradoras.<\/p>\t\t\t\t\t\t\t\t<\/div>\n\t\t\t\t<\/div>\n\t\t<div class=\"elementor-element elementor-element-20df3da e-con-full e-flex e-con e-child\" data-id=\"20df3da\" data-element_type=\"container\" data-e-type=\"container\" data-settings=\"{&quot;background_background&quot;:&quot;classic&quot;}\">\n\t\t\t\t<div class=\"elementor-element elementor-element-e57984b elementor-widget elementor-widget-heading\" data-id=\"e57984b\" data-element_type=\"widget\" data-e-type=\"widget\" data-widget_type=\"heading.default\">\n\t\t\t\t\t<h3 class=\"elementor-heading-title elementor-size-default\">Asesoramiento en convenios colectivos y actualizaciones salariales<\/h3>\t\t\t\t<\/div>\n\t\t\t\t<div class=\"elementor-element elementor-element-0cefb19 elementor-widget elementor-widget-text-editor\" data-id=\"0cefb19\" data-element_type=\"widget\" data-e-type=\"widget\" data-widget_type=\"text-editor.default\">\n\t\t\t\t\t\t\t\t\t<p>Aplicamos la normativa vigente y actualizaciones de convenio para que las n\u00f3minas cumplan con la legalidad en todo momento.<\/p>\t\t\t\t\t\t\t\t<\/div>\n\t\t\t\t<\/div>\n\t\t<div class=\"elementor-element elementor-element-b0420cb e-con-full e-flex e-con e-child\" data-id=\"b0420cb\" data-element_type=\"container\" data-e-type=\"container\" data-settings=\"{&quot;background_background&quot;:&quot;classic&quot;}\">\n\t\t\t\t<div class=\"elementor-element elementor-element-3e01530 elementor-widget elementor-widget-heading\" data-id=\"3e01530\" data-element_type=\"widget\" data-e-type=\"widget\" data-widget_type=\"heading.default\">\n\t\t\t\t\t<h3 class=\"elementor-heading-title elementor-size-default\">Inspecciones y requerimientos de la Seguridad Social<\/h3>\t\t\t\t<\/div>\n\t\t\t\t<div class=\"elementor-element elementor-element-6e10e9c elementor-widget elementor-widget-text-editor\" data-id=\"6e10e9c\" data-element_type=\"widget\" data-e-type=\"widget\" data-widget_type=\"text-editor.default\">\n\t\t\t\t\t\t\t\t\t<p>Te representamos y preparamos la documentaci\u00f3n en caso de inspecciones, sanciones o requerimientos relacionados con la gesti\u00f3n de personal.<\/p>\t\t\t\t\t\t\t\t<\/div>\n\t\t\t\t<\/div>\n\t\t\t\t<\/div>\n\t\t\t\t<\/div>\n\t\t\t\t<\/div>\n\t\t\t\t<div class=\"elementor-element elementor-element-5efb9ca elementor-widget elementor-widget-image\" data-id=\"5efb9ca\" data-element_type=\"widget\" data-e-type=\"widget\" data-widget_type=\"image.default\">\n\t\t\t\t\t\t\t\t\t\t\t\t\t\t\t<img decoding=\"async\" src=\"https:\/\/villaceasesores.com\/wp-content\/uploads\/sites\/43\/elementor\/thumbs\/mini-img-hero-villace-asesores-gestoria-villanueva-de-la-canada-alcorcon-madrid-rbjr26khkpnf8q1msemb7k1jsnc18kmi57aty751uo.avif\" title=\"mini-img-hero-villace-asesores-gestoria-villanueva-de-la-canada-alcorcon-madrid\" alt=\"mini-img-hero-villace-asesores-gestoria-villanueva-de-la-canada-alcorcon-madrid\" loading=\"lazy\" \/>\t\t\t\t\t\t\t\t\t\t\t\t\t\t\t<\/div>\n\t\t<div class=\"elementor-element elementor-element-cafc6e3 e-con-full e-flex e-con e-child\" data-id=\"cafc6e3\" data-element_type=\"container\" data-e-type=\"container\">\n\t\t<div class=\"elementor-element elementor-element-d0ed870 e-con-full e-flex e-con e-child\" data-id=\"d0ed870\" data-element_type=\"container\" data-e-type=\"container\">\n\t\t\t\t<div class=\"elementor-element elementor-element-7286820 elementor-widget elementor-widget-heading\" data-id=\"7286820\" data-element_type=\"widget\" data-e-type=\"widget\" data-widget_type=\"heading.default\">\n\t\t\t\t\t<h2 class=\"elementor-heading-title elementor-size-default\">Beneficios de externalizar tu gesti\u00f3n laboral<\/h2>\t\t\t\t<\/div>\n\t\t\t\t<div class=\"elementor-element elementor-element-cab9fad elementor-widget elementor-widget-text-editor\" data-id=\"cab9fad\" data-element_type=\"widget\" data-e-type=\"widget\" data-widget_type=\"text-editor.default\">\n\t\t\t\t\t\t\t\t\t<ul><li data-start=\"2356\" data-end=\"2446\"><p data-start=\"2358\" data-end=\"2446\"><strong data-start=\"2358\" data-end=\"2378\">Ahorro de tiempo<\/strong>: nos encargamos de toda la gesti\u00f3n de n\u00f3minas y Seguridad Social.<\/p><\/li><li data-start=\"2447\" data-end=\"2538\"><p data-start=\"2449\" data-end=\"2538\"><strong data-start=\"2449\" data-end=\"2468\">Seguridad legal<\/strong>: cumplimos siempre con la normativa vigente y los plazos oficiales.<\/p><\/li><li data-start=\"2539\" data-end=\"2633\"><p data-start=\"2541\" data-end=\"2633\"><strong data-start=\"2541\" data-end=\"2569\">Tranquilidad empresarial<\/strong>: evita errores costosos en n\u00f3minas, contratos o cotizaciones.<\/p><\/li><li data-start=\"2634\" data-end=\"2754\"><p data-start=\"2636\" data-end=\"2754\"><strong data-start=\"2636\" data-end=\"2662\">Atenci\u00f3n personalizada<\/strong>: cada empresa tiene necesidades distintas; adaptamos el servicio a tu plantilla y sector.<\/p><\/li><li data-start=\"2755\" data-end=\"2904\"><p data-start=\"2757\" data-end=\"2904\"><strong data-start=\"2757\" data-end=\"2778\">Experiencia local<\/strong>: somos una <strong data-start=\"2790\" data-end=\"2837\">gestor\u00eda laboral en Villanueva de la Ca\u00f1ada<\/strong> con m\u00e1s de 10 a\u00f1os de trayectoria en la zona noroeste de Madrid.<\/p><\/li><\/ul>\t\t\t\t\t\t\t\t<\/div>\n\t\t\t\t<\/div>\n\t\t<div class=\"elementor-element elementor-element-a349e6d e-con-full e-flex e-con e-child\" data-id=\"a349e6d\" data-element_type=\"container\" data-e-type=\"container\">\n\t\t\t\t<div class=\"elementor-element elementor-element-1cfe79a elementor-widget elementor-widget-heading\" data-id=\"1cfe79a\" data-element_type=\"widget\" data-e-type=\"widget\" data-widget_type=\"heading.default\">\n\t\t\t\t\t<h2 class=\"elementor-heading-title elementor-size-default\">Nuestro proceso de trabajo<\/h2>\t\t\t\t<\/div>\n\t\t\t\t<div class=\"elementor-element elementor-element-7f8f298 elementor-widget elementor-widget-text-editor\" data-id=\"7f8f298\" data-element_type=\"widget\" data-e-type=\"widget\" data-widget_type=\"text-editor.default\">\n\t\t\t\t\t\t\t\t\t<ol><li data-start=\"2945\" data-end=\"3047\"><p data-start=\"2948\" data-end=\"3047\"><strong data-start=\"2948\" data-end=\"2990\">Recopilaci\u00f3n de datos de los empleados<\/strong>: contratos, bases de cotizaci\u00f3n, convenios aplicables.<\/p><\/li><li data-start=\"3048\" data-end=\"3106\"><p data-start=\"3051\" data-end=\"3106\"><strong data-start=\"3051\" data-end=\"3103\">Confecci\u00f3n mensual de n\u00f3minas y seguros sociales<\/strong>.<\/p><\/li><li data-start=\"3107\" data-end=\"3198\"><p data-start=\"3110\" data-end=\"3198\"><strong data-start=\"3110\" data-end=\"3141\">Comunicaci\u00f3n de incidencias<\/strong>: bajas m\u00e9dicas, variaciones de jornada, altas o bajas.<\/p><\/li><li data-start=\"3199\" data-end=\"3252\"><p data-start=\"3202\" data-end=\"3252\"><strong data-start=\"3202\" data-end=\"3249\">Presentaci\u00f3n de modelos fiscales vinculados<\/strong>.<\/p><\/li><li data-start=\"3253\" data-end=\"3331\"><p data-start=\"3256\" data-end=\"3331\"><strong data-start=\"3256\" data-end=\"3288\">Informe mensual a la empresa<\/strong> con costes salariales y cargas sociales.<\/p><\/li><\/ol>\t\t\t\t\t\t\t\t<\/div>\n\t\t\t\t<\/div>\n\t\t<div class=\"elementor-element elementor-element-2b9165b e-con-full e-flex e-con e-child\" data-id=\"2b9165b\" data-element_type=\"container\" data-e-type=\"container\">\n\t\t\t\t<div class=\"elementor-element elementor-element-df0fd10 elementor-widget elementor-widget-heading\" data-id=\"df0fd10\" data-element_type=\"widget\" data-e-type=\"widget\" data-widget_type=\"heading.default\">\n\t\t\t\t\t<h2 class=\"elementor-heading-title elementor-size-default\">Contacta con nosotros<\/h2>\t\t\t\t<\/div>\n\t\t\t\t<div class=\"elementor-element elementor-element-dafef25 elementor-widget elementor-widget-text-editor\" data-id=\"dafef25\" data-element_type=\"widget\" data-e-type=\"widget\" data-widget_type=\"text-editor.default\">\n\t\t\t\t\t\t\t\t\t<p>Si buscas una <strong data-start=\"3381\" data-end=\"3428\">gestor\u00eda laboral en Villanueva de la Ca\u00f1ada<\/strong> que te d\u00e9 seguridad en la <strong data-start=\"3455\" data-end=\"3507\">gesti\u00f3n de n\u00f3minas, contratos y Seguridad Social<\/strong>, conf\u00eda en <strong data-start=\"3519\" data-end=\"3539\">Villace Asesores<\/strong>. Te ofrecemos un servicio cercano, \u00e1gil y adaptado a tu negocio.<\/p>\t\t\t\t\t\t\t\t<\/div>\n\t\t\t\t<\/div>\n\t\t\t\t<\/div>\n\t\t\t\t<\/div>\n\t\t\t\t<\/div>","protected":false},"excerpt":{"rendered":"<p>En Villace Asesores somos especialistas en gesti\u00f3n laboral y administraci\u00f3n de n\u00f3minas para aut\u00f3nomos, PYMES y empresas en Madrid. Desde 2013 ayudamos a nuestros clientes a cumplir con la normativa laboral y de Seguridad Social, asegurando que los empleados reciban sus n\u00f3minas de forma correcta y puntual, mientras el empresario gana en tranquilidad y confianza. [&hellip;]<\/p>\n","protected":false},"author":1,"featured_media":324,"parent":244,"menu_order":0,"comment_status":"closed","ping_status":"closed","template":"","meta":{"footnotes":""},"class_list":["post-407","page","type-page","status-publish","has-post-thumbnail","hentry"],"_links":{"self":[{"href":"https:\/\/villaceasesores.com\/en\/wp-json\/wp\/v2\/pages\/407","targetHints":{"allow":["GET"]}}],"collection":[{"href":"https:\/\/villaceasesores.com\/en\/wp-json\/wp\/v2\/pages"}],"about":[{"href":"https:\/\/villaceasesores.com\/en\/wp-json\/wp\/v2\/types\/page"}],"author":[{"embeddable":true,"href":"https:\/\/villaceasesores.com\/en\/wp-json\/wp\/v2\/users\/1"}],"replies":[{"embeddable":true,"href":"https:\/\/villaceasesores.com\/en\/wp-json\/wp\/v2\/comments?post=407"}],"version-history":[{"count":0,"href":"https:\/\/villaceasesores.com\/en\/wp-json\/wp\/v2\/pages\/407\/revisions"}],"up":[{"embeddable":true,"href":"https:\/\/villaceasesores.com\/en\/wp-json\/wp\/v2\/pages\/244"}],"wp:featuredmedia":[{"embeddable":true,"href":"https:\/\/villaceasesores.com\/en\/wp-json\/wp\/v2\/media\/324"}],"wp:attachment":[{"href":"https:\/\/villaceasesores.com\/en\/wp-json\/wp\/v2\/media?parent=407"}],"curies":[{"name":"wp","href":"https:\/\/api.w.org\/{rel}","templated":true}]}}