{"id":399,"date":"2025-09-11T10:44:42","date_gmt":"2025-09-11T08:44:42","guid":{"rendered":"https:\/\/villaceasesores.com\/?page_id=399"},"modified":"2025-09-11T11:09:17","modified_gmt":"2025-09-11T09:09:17","slug":"contabilidad","status":"publish","type":"page","link":"https:\/\/villaceasesores.com\/en\/servicios\/contabilidad\/","title":{"rendered":"Contabilidad"},"content":{"rendered":"<div data-elementor-type=\"wp-page\" data-elementor-id=\"399\" class=\"elementor elementor-399\" data-elementor-post-type=\"page\">\n\t\t\t\t<div class=\"elementor-element elementor-element-1d7a7ff e-flex e-con-boxed e-con e-parent\" data-id=\"1d7a7ff\" data-element_type=\"container\" data-e-type=\"container\" data-settings=\"{&quot;background_background&quot;:&quot;classic&quot;}\">\n\t\t\t\t\t<div class=\"e-con-inner\">\n\t\t<div class=\"elementor-element elementor-element-1effbf1 e-con-full e-flex e-con e-child\" data-id=\"1effbf1\" data-element_type=\"container\" data-e-type=\"container\">\n\t\t\t\t<div class=\"elementor-element elementor-element-f33ee9e elementor-widget elementor-widget-heading\" data-id=\"f33ee9e\" data-element_type=\"widget\" data-e-type=\"widget\" data-widget_type=\"heading.default\">\n\t\t\t\t\t<h1 class=\"elementor-heading-title elementor-size-default\">Contabilidad<\/h1>\t\t\t\t<\/div>\n\t\t\t\t<\/div>\n\t\t\t\t\t<\/div>\n\t\t\t\t<\/div>\n\t\t<div class=\"elementor-element elementor-element-8bfab5f e-con-full e-flex e-con e-child\" data-id=\"8bfab5f\" data-element_type=\"container\" data-e-type=\"container\">\n\t\t\t\t<div class=\"elementor-element elementor-element-1923678 elementor-widget elementor-widget-text-editor\" data-id=\"1923678\" data-element_type=\"widget\" data-e-type=\"widget\" data-widget_type=\"text-editor.default\">\n\t\t\t\t\t\t\t\t\t<p>En <strong data-start=\"339\" data-end=\"359\">Villace Asesores<\/strong>, te ofrecemos un servicio de contabilidad profesional, adaptado para aut\u00f3nomos, PYMES y particulares, que integra transparencia, cumplimiento y utilidad real para tu negocio. Desde 2013 nos dedicamos a que tus cuentas est\u00e9n siempre al d\u00eda, sin sorpresas, para que puedas centrarte en lo que realmente importa.<\/p>\t\t\t\t\t\t\t\t<\/div>\n\t\t<div class=\"elementor-element elementor-element-fa9624d e-con-full e-flex e-con e-child\" data-id=\"fa9624d\" data-element_type=\"container\" data-e-type=\"container\">\n\t\t<div class=\"elementor-element elementor-element-97256bf e-con-full e-flex e-con e-child\" data-id=\"97256bf\" data-element_type=\"container\" data-e-type=\"container\">\n\t\t\t\t<div class=\"elementor-element elementor-element-e9e276b elementor-widget elementor-widget-heading\" data-id=\"e9e276b\" data-element_type=\"widget\" data-e-type=\"widget\" data-widget_type=\"heading.default\">\n\t\t\t\t\t<h2 class=\"elementor-heading-title elementor-size-default\">\u00bfQu\u00e9 incluye nuestra contabilidad?<\/h2>\t\t\t\t<\/div>\n\t\t\t\t<div class=\"elementor-element elementor-element-7764041 elementor-widget elementor-widget-text-editor\" data-id=\"7764041\" data-element_type=\"widget\" data-e-type=\"widget\" data-widget_type=\"text-editor.default\">\n\t\t\t\t\t\t\t\t\t<p>A continuaci\u00f3n, los servicios contables m\u00e1s demandados en Madrid y que proporcionamos con rigor y cercan\u00eda:<\/p>\t\t\t\t\t\t\t\t<\/div>\n\t\t<div class=\"elementor-element elementor-element-c92e72a e-con-full e-grid e-con e-child\" data-id=\"c92e72a\" data-element_type=\"container\" data-e-type=\"container\">\n\t\t<div class=\"elementor-element elementor-element-8029e47 e-con-full e-flex e-con e-child\" data-id=\"8029e47\" data-element_type=\"container\" data-e-type=\"container\" data-settings=\"{&quot;background_background&quot;:&quot;classic&quot;}\">\n\t\t\t\t<div class=\"elementor-element elementor-element-7a07506 elementor-widget elementor-widget-heading\" data-id=\"7a07506\" data-element_type=\"widget\" data-e-type=\"widget\" data-widget_type=\"heading.default\">\n\t\t\t\t\t<h3 class=\"elementor-heading-title elementor-size-default\">Contabilidad financiera y registro de operaciones<\/h3>\t\t\t\t<\/div>\n\t\t\t\t<div class=\"elementor-element elementor-element-f15ac81 elementor-widget elementor-widget-text-editor\" data-id=\"f15ac81\" data-element_type=\"widget\" data-e-type=\"widget\" data-widget_type=\"text-editor.default\">\n\t\t\t\t\t\t\t\t\t<p>Llevamos las cuentas diarias de tu actividad: facturaci\u00f3n, compra y venta, cobros y pagos, gesti\u00f3n de cuentas bancarias, provisiones y ajustes contables. Mantener los registros contables correctos te permite conocer tu situaci\u00f3n real en todo momento.<\/p>\t\t\t\t\t\t\t\t<\/div>\n\t\t\t\t<\/div>\n\t\t<div class=\"elementor-element elementor-element-38ec5f6 e-con-full e-flex e-con e-child\" data-id=\"38ec5f6\" data-element_type=\"container\" data-e-type=\"container\" data-settings=\"{&quot;background_background&quot;:&quot;classic&quot;}\">\n\t\t\t\t<div class=\"elementor-element elementor-element-b4e092f elementor-widget elementor-widget-heading\" data-id=\"b4e092f\" data-element_type=\"widget\" data-e-type=\"widget\" data-widget_type=\"heading.default\">\n\t\t\t\t\t<h3 class=\"elementor-heading-title elementor-size-default\">Cierres contables peri\u00f3dicos y anual<\/h3>\t\t\t\t<\/div>\n\t\t\t\t<div class=\"elementor-element elementor-element-4313979 elementor-widget elementor-widget-text-editor\" data-id=\"4313979\" data-element_type=\"widget\" data-e-type=\"widget\" data-widget_type=\"text-editor.default\">\n\t\t\t\t\t\t\t\t\t<p>Preparaci\u00f3n de cierres trimestrales, semestrales y cierre del ejercicio. Incluye conciliaciones bancarias, ajustes contables, amortizaciones, provisiones, registro y presentaci\u00f3n de balances, cuentas de p\u00e9rdidas y ganancias, y memoria.<\/p>\t\t\t\t\t\t\t\t<\/div>\n\t\t\t\t<\/div>\n\t\t<div class=\"elementor-element elementor-element-cebb927 e-con-full e-flex e-con e-child\" data-id=\"cebb927\" data-element_type=\"container\" data-e-type=\"container\" data-settings=\"{&quot;background_background&quot;:&quot;classic&quot;}\">\n\t\t\t\t<div class=\"elementor-element elementor-element-20fb435 elementor-widget elementor-widget-heading\" data-id=\"20fb435\" data-element_type=\"widget\" data-e-type=\"widget\" data-widget_type=\"heading.default\">\n\t\t\t\t\t<h3 class=\"elementor-heading-title elementor-size-default\">Preparaci\u00f3n de estados financieros<\/h3>\t\t\t\t<\/div>\n\t\t\t\t<div class=\"elementor-element elementor-element-87f9e2d elementor-widget elementor-widget-text-editor\" data-id=\"87f9e2d\" data-element_type=\"widget\" data-e-type=\"widget\" data-widget_type=\"text-editor.default\">\n\t\t\t\t\t\t\t\t\t<p>Elaboraci\u00f3n de estados financieros completos que cumplen con las normativas del Plan General de Contabilidad (PGC), tanto nacionales como, si procede, internacionales. Estos informes son fundamentales para los bancos, inversores y para la toma de decisiones.<\/p>\t\t\t\t\t\t\t\t<\/div>\n\t\t\t\t<\/div>\n\t\t<div class=\"elementor-element elementor-element-f5b780a e-con-full e-flex e-con e-child\" data-id=\"f5b780a\" data-element_type=\"container\" data-e-type=\"container\" data-settings=\"{&quot;background_background&quot;:&quot;classic&quot;}\">\n\t\t\t\t<div class=\"elementor-element elementor-element-6abb463 elementor-widget elementor-widget-heading\" data-id=\"6abb463\" data-element_type=\"widget\" data-e-type=\"widget\" data-widget_type=\"heading.default\">\n\t\t\t\t\t<h3 class=\"elementor-heading-title elementor-size-default\">Contabilidad anal\u00edtica \/ de costes<\/h3>\t\t\t\t<\/div>\n\t\t\t\t<div class=\"elementor-element elementor-element-9db38c0 elementor-widget elementor-widget-text-editor\" data-id=\"9db38c0\" data-element_type=\"widget\" data-e-type=\"widget\" data-widget_type=\"text-editor.default\">\n\t\t\t\t\t\t\t\t\t<p>Segmentaci\u00f3n de gastos e ingresos por centros de coste, departamentos o l\u00edneas de negocio. Te ayudamos a saber qu\u00e9 productos o servicios son m\u00e1s rentables, d\u00f3nde hacer ajustes, y c\u00f3mo mejorar la eficiencia.<\/p>\t\t\t\t\t\t\t\t<\/div>\n\t\t\t\t<\/div>\n\t\t<div class=\"elementor-element elementor-element-20df3da e-con-full e-flex e-con e-child\" data-id=\"20df3da\" data-element_type=\"container\" data-e-type=\"container\" data-settings=\"{&quot;background_background&quot;:&quot;classic&quot;}\">\n\t\t\t\t<div class=\"elementor-element elementor-element-e57984b elementor-widget elementor-widget-heading\" data-id=\"e57984b\" data-element_type=\"widget\" data-e-type=\"widget\" data-widget_type=\"heading.default\">\n\t\t\t\t\t<h3 class=\"elementor-heading-title elementor-size-default\">Legalizaci\u00f3n de libros contables y cumplimiento formal<\/h3>\t\t\t\t<\/div>\n\t\t\t\t<div class=\"elementor-element elementor-element-0cefb19 elementor-widget elementor-widget-text-editor\" data-id=\"0cefb19\" data-element_type=\"widget\" data-e-type=\"widget\" data-widget_type=\"text-editor.default\">\n\t\t\t\t\t\t\t\t\t<p>Registro diario, mayor, inventarios, cuentas anuales; legalizaci\u00f3n de libros oficiales y dep\u00f3sito en el Registro Mercantil; cumplimiento con los registros auxiliares obligatorios; mantenimiento de los libros obligatorios seg\u00fan normativa mercantil y fiscal.<\/p>\t\t\t\t\t\t\t\t<\/div>\n\t\t\t\t<\/div>\n\t\t<div class=\"elementor-element elementor-element-b0420cb e-con-full e-flex e-con e-child\" data-id=\"b0420cb\" data-element_type=\"container\" data-e-type=\"container\" data-settings=\"{&quot;background_background&quot;:&quot;classic&quot;}\">\n\t\t\t\t<div class=\"elementor-element elementor-element-3e01530 elementor-widget elementor-widget-heading\" data-id=\"3e01530\" data-element_type=\"widget\" data-e-type=\"widget\" data-widget_type=\"heading.default\">\n\t\t\t\t\t<h3 class=\"elementor-heading-title elementor-size-default\">Gesti\u00f3n de tesorer\u00eda y flujo de caja<\/h3>\t\t\t\t<\/div>\n\t\t\t\t<div class=\"elementor-element elementor-element-6e10e9c elementor-widget elementor-widget-text-editor\" data-id=\"6e10e9c\" data-element_type=\"widget\" data-e-type=\"widget\" data-widget_type=\"text-editor.default\">\n\t\t\t\t\t\t\t\t\t<p>Control de la liquidez, previsi\u00f3n de pagos y cobros, an\u00e1lisis de necesidades de financiaci\u00f3n, coordinaci\u00f3n con banca si necesitas l\u00edneas de cr\u00e9dito o negociar condiciones favorables.<\/p>\t\t\t\t\t\t\t\t<\/div>\n\t\t\t\t<\/div>\n\t\t<div class=\"elementor-element elementor-element-f2547b4 e-con-full e-flex e-con e-child\" data-id=\"f2547b4\" data-element_type=\"container\" data-e-type=\"container\" data-settings=\"{&quot;background_background&quot;:&quot;classic&quot;}\">\n\t\t\t\t<div class=\"elementor-element elementor-element-5abaad8 elementor-widget elementor-widget-heading\" data-id=\"5abaad8\" data-element_type=\"widget\" data-e-type=\"widget\" data-widget_type=\"heading.default\">\n\t\t\t\t\t<h3 class=\"elementor-heading-title elementor-size-default\">Informe contable mensual o trimestral &amp; an\u00e1lisis contable<\/h3>\t\t\t\t<\/div>\n\t\t\t\t<div class=\"elementor-element elementor-element-75ed25b elementor-widget elementor-widget-text-editor\" data-id=\"75ed25b\" data-element_type=\"widget\" data-e-type=\"widget\" data-widget_type=\"text-editor.default\">\n\t\t\t\t\t\t\t\t\t<p>Reportes peri\u00f3dicos con tus resultados operativos, comparativas frente a presupuestos o ejercicios anteriores, y recomendaciones basadas en esos datos para mejorar la gesti\u00f3n.<\/p>\t\t\t\t\t\t\t\t<\/div>\n\t\t\t\t<\/div>\n\t\t<div class=\"elementor-element elementor-element-9f6ecd6 e-con-full e-flex e-con e-child\" data-id=\"9f6ecd6\" data-element_type=\"container\" data-e-type=\"container\" data-settings=\"{&quot;background_background&quot;:&quot;classic&quot;}\">\n\t\t\t\t<div class=\"elementor-element elementor-element-97751ef elementor-widget elementor-widget-heading\" data-id=\"97751ef\" data-element_type=\"widget\" data-e-type=\"widget\" data-widget_type=\"heading.default\">\n\t\t\t\t\t<h3 class=\"elementor-heading-title elementor-size-default\">Contabilidad para aut\u00f3nomos y organizaciones peque\u00f1as<\/h3>\t\t\t\t<\/div>\n\t\t\t\t<div class=\"elementor-element elementor-element-980e092 elementor-widget elementor-widget-text-editor\" data-id=\"980e092\" data-element_type=\"widget\" data-e-type=\"widget\" data-widget_type=\"text-editor.default\">\n\t\t\t\t\t\t\t\t\t<p>Adaptaci\u00f3n a las necesidades espec\u00edficas de aut\u00f3nomos, emprendimientos y proyectos con facturaci\u00f3n moderada: simplificaci\u00f3n de registros, asesoramiento en esquemas tributarios m\u00e1s simples, informes comprensibles y seguimiento cercano.<\/p>\t\t\t\t\t\t\t\t<\/div>\n\t\t\t\t<\/div>\n\t\t\t\t<\/div>\n\t\t\t\t<\/div>\n\t\t\t\t<\/div>\n\t\t\t\t<div class=\"elementor-element elementor-element-5efb9ca elementor-widget elementor-widget-image\" data-id=\"5efb9ca\" data-element_type=\"widget\" data-e-type=\"widget\" data-widget_type=\"image.default\">\n\t\t\t\t\t\t\t\t\t\t\t\t\t\t\t<img decoding=\"async\" src=\"https:\/\/villaceasesores.com\/wp-content\/uploads\/sites\/43\/elementor\/thumbs\/hero1-villace-asesores-gestoria-villanueva-de-la-canada-alcorcon-madrid-rbjr9zm8c6c5o4pe7a3rf34deuus62m8vud0fxkc68.avif\" title=\"hero1-villace-asesores-gestoria-villanueva-de-la-canada-alcorcon-madrid\" alt=\"hero1-villace-asesores-gestoria-villanueva-de-la-canada-alcorcon-madrid\" loading=\"lazy\" \/>\t\t\t\t\t\t\t\t\t\t\t\t\t\t\t<\/div>\n\t\t<div class=\"elementor-element elementor-element-cafc6e3 e-con-full e-flex e-con e-child\" data-id=\"cafc6e3\" data-element_type=\"container\" data-e-type=\"container\">\n\t\t<div class=\"elementor-element elementor-element-d0ed870 e-con-full e-flex e-con e-child\" data-id=\"d0ed870\" data-element_type=\"container\" data-e-type=\"container\">\n\t\t\t\t<div class=\"elementor-element elementor-element-7286820 elementor-widget elementor-widget-heading\" data-id=\"7286820\" data-element_type=\"widget\" data-e-type=\"widget\" data-widget_type=\"heading.default\">\n\t\t\t\t\t<h2 class=\"elementor-heading-title elementor-size-default\">Beneficios de contar con nuestro servicio<\/h2>\t\t\t\t<\/div>\n\t\t\t\t<div class=\"elementor-element elementor-element-cab9fad elementor-widget elementor-widget-text-editor\" data-id=\"cab9fad\" data-element_type=\"widget\" data-e-type=\"widget\" data-widget_type=\"text-editor.default\">\n\t\t\t\t\t\t\t\t\t<ul><li data-start=\"3414\" data-end=\"3490\"><p data-start=\"3416\" data-end=\"3490\">Tener la <strong data-start=\"3425\" data-end=\"3454\">contadur\u00eda clara y fiable<\/strong> para tomar decisiones informadas.<\/p><\/li><li data-start=\"3491\" data-end=\"3595\"><p data-start=\"3493\" data-end=\"3595\">Evitar sanciones o errores derivadas de registros contables mal llevados o incumplimientos formales.<\/p><\/li><li data-start=\"3596\" data-end=\"3692\"><p data-start=\"3598\" data-end=\"3692\">Ahorrar tiempo: externalizar la contabilidad te libera para dedicarte al core de tu negocio.<\/p><\/li><li data-start=\"3693\" data-end=\"3821\"><p data-start=\"3695\" data-end=\"3821\">Mejora de la planificaci\u00f3n financiera y fiscal: con datos reales y actualizados, se pueden detectar oportunidades de ahorro.<\/p><\/li><li data-start=\"3822\" data-end=\"3997\"><p data-start=\"3824\" data-end=\"3997\">Trato personalizado y local: somos una <strong data-start=\"3863\" data-end=\"3911\">gestor\u00eda contable en Villanueva de la Ca\u00f1ada<\/strong>, conocemos la normativa regional y los horarios, plazos y particularidades de Madrid.<\/p><\/li><\/ul>\t\t\t\t\t\t\t\t<\/div>\n\t\t\t\t<\/div>\n\t\t<div class=\"elementor-element elementor-element-a349e6d e-con-full e-flex e-con e-child\" data-id=\"a349e6d\" data-element_type=\"container\" data-e-type=\"container\">\n\t\t\t\t<div class=\"elementor-element elementor-element-1cfe79a elementor-widget elementor-widget-heading\" data-id=\"1cfe79a\" data-element_type=\"widget\" data-e-type=\"widget\" data-widget_type=\"heading.default\">\n\t\t\t\t\t<h2 class=\"elementor-heading-title elementor-size-default\">\u00bfC\u00f3mo trabajamos contigo?<\/h2>\t\t\t\t<\/div>\n\t\t\t\t<div class=\"elementor-element elementor-element-7f8f298 elementor-widget elementor-widget-text-editor\" data-id=\"7f8f298\" data-element_type=\"widget\" data-e-type=\"widget\" data-widget_type=\"text-editor.default\">\n\t\t\t\t\t\t\t\t\t<ol><li data-start=\"4033\" data-end=\"4138\"><p data-start=\"4036\" data-end=\"4138\">Primera reuni\u00f3n gratuita para entender tu modelo de negocio y revisar los documentos que ya manejas.<\/p><\/li><li data-start=\"4139\" data-end=\"4252\"><p data-start=\"4142\" data-end=\"4252\">Establecimiento de un sistema contable adecuado: software, periodicidad de registros, estructura de cuentas.<\/p><\/li><li data-start=\"4253\" data-end=\"4345\"><p data-start=\"4256\" data-end=\"4345\">Organizaci\u00f3n y registro de tus operaciones contables (facturas, compras, cobros\/pagos).<\/p><\/li><li data-start=\"4346\" data-end=\"4426\"><p data-start=\"4349\" data-end=\"4426\">Cierres y ajustes de ejercicio, elaboraci\u00f3n de estados contables y legales.<\/p><\/li><li data-start=\"4427\" data-end=\"4502\"><p data-start=\"4430\" data-end=\"4502\">Informes regulares que te muestren evoluci\u00f3n, alertas y oportunidades.<\/p><\/li><li data-start=\"4503\" data-end=\"4617\"><p data-start=\"4506\" data-end=\"4617\">Asistencia continua y adaptaci\u00f3n al cambio: nuevas normativas contables, revisiones ante auditor\u00edas si aplican.<\/p><\/li><\/ol>\t\t\t\t\t\t\t\t<\/div>\n\t\t\t\t<\/div>\n\t\t<div class=\"elementor-element elementor-element-2b9165b e-con-full e-flex e-con e-child\" data-id=\"2b9165b\" data-element_type=\"container\" data-e-type=\"container\">\n\t\t\t\t<div class=\"elementor-element elementor-element-df0fd10 elementor-widget elementor-widget-heading\" data-id=\"df0fd10\" data-element_type=\"widget\" data-e-type=\"widget\" data-widget_type=\"heading.default\">\n\t\t\t\t\t<h2 class=\"elementor-heading-title elementor-size-default\">Contacta con nosotros<\/h2>\t\t\t\t<\/div>\n\t\t\t\t<div class=\"elementor-element elementor-element-dafef25 elementor-widget elementor-widget-text-editor\" data-id=\"dafef25\" data-element_type=\"widget\" data-e-type=\"widget\" data-widget_type=\"text-editor.default\">\n\t\t\t\t\t\t\t\t\t<p>Si buscas una gestor\u00eda contable en Villanueva de la Ca\u00f1ada con experiencia, rigor y compromiso, <strong data-start=\"5200\" data-end=\"5220\">Villace Asesores<\/strong> es tu opci\u00f3n. Escr\u00edbenos, ll\u00e1manos o concierta una cita, y descubre c\u00f3mo podemos ayudarte a tener la contabilidad como aliado estrat\u00e9gico.<\/p>\t\t\t\t\t\t\t\t<\/div>\n\t\t\t\t<\/div>\n\t\t\t\t<\/div>\n\t\t\t\t<\/div>\n\t\t\t\t<\/div>","protected":false},"excerpt":{"rendered":"<p>En Villace Asesores, te ofrecemos un servicio de contabilidad profesional, adaptado para aut\u00f3nomos, PYMES y particulares, que integra transparencia, cumplimiento y utilidad real para tu negocio. Desde 2013 nos dedicamos a que tus cuentas est\u00e9n siempre al d\u00eda, sin sorpresas, para que puedas centrarte en lo que realmente importa. \u00bfQu\u00e9 incluye nuestra contabilidad? A continuaci\u00f3n, [&hellip;]<\/p>\n","protected":false},"author":1,"featured_media":331,"parent":244,"menu_order":0,"comment_status":"closed","ping_status":"closed","template":"","meta":{"footnotes":""},"class_list":["post-399","page","type-page","status-publish","has-post-thumbnail","hentry"],"_links":{"self":[{"href":"https:\/\/villaceasesores.com\/en\/wp-json\/wp\/v2\/pages\/399","targetHints":{"allow":["GET"]}}],"collection":[{"href":"https:\/\/villaceasesores.com\/en\/wp-json\/wp\/v2\/pages"}],"about":[{"href":"https:\/\/villaceasesores.com\/en\/wp-json\/wp\/v2\/types\/page"}],"author":[{"embeddable":true,"href":"https:\/\/villaceasesores.com\/en\/wp-json\/wp\/v2\/users\/1"}],"replies":[{"embeddable":true,"href":"https:\/\/villaceasesores.com\/en\/wp-json\/wp\/v2\/comments?post=399"}],"version-history":[{"count":0,"href":"https:\/\/villaceasesores.com\/en\/wp-json\/wp\/v2\/pages\/399\/revisions"}],"up":[{"embeddable":true,"href":"https:\/\/villaceasesores.com\/en\/wp-json\/wp\/v2\/pages\/244"}],"wp:featuredmedia":[{"embeddable":true,"href":"https:\/\/villaceasesores.com\/en\/wp-json\/wp\/v2\/media\/331"}],"wp:attachment":[{"href":"https:\/\/villaceasesores.com\/en\/wp-json\/wp\/v2\/media?parent=399"}],"curies":[{"name":"wp","href":"https:\/\/api.w.org\/{rel}","templated":true}]}}