{"id":380,"date":"2025-09-11T10:14:42","date_gmt":"2025-09-11T08:14:42","guid":{"rendered":"https:\/\/villaceasesores.com\/?page_id=380"},"modified":"2025-09-11T11:09:49","modified_gmt":"2025-09-11T09:09:49","slug":"asesoria-fiscal","status":"publish","type":"page","link":"https:\/\/villaceasesores.com\/en\/servicios\/asesoria-fiscal\/","title":{"rendered":"Asesor\u00eda fiscal"},"content":{"rendered":"<div data-elementor-type=\"wp-page\" data-elementor-id=\"380\" class=\"elementor elementor-380\" data-elementor-post-type=\"page\">\n\t\t\t\t<div class=\"elementor-element elementor-element-1d7a7ff e-flex e-con-boxed e-con e-parent\" data-id=\"1d7a7ff\" data-element_type=\"container\" data-e-type=\"container\" data-settings=\"{&quot;background_background&quot;:&quot;classic&quot;}\">\n\t\t\t\t\t<div class=\"e-con-inner\">\n\t\t<div class=\"elementor-element elementor-element-1effbf1 e-con-full e-flex e-con e-child\" data-id=\"1effbf1\" data-element_type=\"container\" data-e-type=\"container\">\n\t\t\t\t<div class=\"elementor-element elementor-element-f33ee9e elementor-widget elementor-widget-heading\" data-id=\"f33ee9e\" data-element_type=\"widget\" data-e-type=\"widget\" data-widget_type=\"heading.default\">\n\t\t\t\t\t<h1 class=\"elementor-heading-title elementor-size-default\">Asesor\u00eda fiscal<\/h1>\t\t\t\t<\/div>\n\t\t\t\t<\/div>\n\t\t\t\t\t<\/div>\n\t\t\t\t<\/div>\n\t\t<div class=\"elementor-element elementor-element-8bfab5f e-con-full e-flex e-con e-child\" data-id=\"8bfab5f\" data-element_type=\"container\" data-e-type=\"container\">\n\t\t\t\t<div class=\"elementor-element elementor-element-1923678 elementor-widget elementor-widget-text-editor\" data-id=\"1923678\" data-element_type=\"widget\" data-e-type=\"widget\" data-widget_type=\"text-editor.default\">\n\t\t\t\t\t\t\t\t\t<p>En <strong data-start=\"234\" data-end=\"254\">Villace Asesores<\/strong> ofrecemos un servicio de <strong data-start=\"280\" data-end=\"309\">asesor\u00eda fiscal en Madrid<\/strong> completo y adaptado a las necesidades de aut\u00f3nomos, PYMES y particulares. Desde 2013, nos encargamos de todo lo que implica cumplir con Hacienda, presentar impuestos y planificar tu carga fiscal para que pagues lo justo, sin sorpresas.<\/p>\t\t\t\t\t\t\t\t<\/div>\n\t\t<div class=\"elementor-element elementor-element-fa9624d e-con-full e-flex e-con e-child\" data-id=\"fa9624d\" data-element_type=\"container\" data-e-type=\"container\">\n\t\t<div class=\"elementor-element elementor-element-97256bf e-con-full e-flex e-con e-child\" data-id=\"97256bf\" data-element_type=\"container\" data-e-type=\"container\">\n\t\t\t\t<div class=\"elementor-element elementor-element-e9e276b elementor-widget elementor-widget-heading\" data-id=\"e9e276b\" data-element_type=\"widget\" data-e-type=\"widget\" data-widget_type=\"heading.default\">\n\t\t\t\t\t<h2 class=\"elementor-heading-title elementor-size-default\">Servicios que ofrecemos<\/h2>\t\t\t\t<\/div>\n\t\t\t\t<div class=\"elementor-element elementor-element-7764041 elementor-widget elementor-widget-text-editor\" data-id=\"7764041\" data-element_type=\"widget\" data-e-type=\"widget\" data-widget_type=\"text-editor.default\">\n\t\t\t\t\t\t\t\t\t<p>Estos son los servicios de asesor\u00eda fiscal m\u00e1s demandados en Madrid \u2014y que nosotros gestionamos con profesionalidad y dedicaci\u00f3n:<\/p>\t\t\t\t\t\t\t\t<\/div>\n\t\t<div class=\"elementor-element elementor-element-c92e72a e-con-full e-grid e-con e-child\" data-id=\"c92e72a\" data-element_type=\"container\" data-e-type=\"container\">\n\t\t<div class=\"elementor-element elementor-element-8029e47 e-con-full e-flex e-con e-child\" data-id=\"8029e47\" data-element_type=\"container\" data-e-type=\"container\" data-settings=\"{&quot;background_background&quot;:&quot;classic&quot;}\">\n\t\t\t\t<div class=\"elementor-element elementor-element-7a07506 elementor-widget elementor-widget-heading\" data-id=\"7a07506\" data-element_type=\"widget\" data-e-type=\"widget\" data-widget_type=\"heading.default\">\n\t\t\t\t\t<h3 class=\"elementor-heading-title elementor-size-default\">Declaraci\u00f3n de la Renta (IRPF)<\/h3>\t\t\t\t<\/div>\n\t\t\t\t<div class=\"elementor-element elementor-element-f15ac81 elementor-widget elementor-widget-text-editor\" data-id=\"f15ac81\" data-element_type=\"widget\" data-e-type=\"widget\" data-widget_type=\"text-editor.default\">\n\t\t\t\t\t\t\t\t\t<p>Ayudamos tanto a particulares como a aut\u00f3nomos a preparar, presentar y optimizar su declaraci\u00f3n de la renta. Identificamos deducciones aplicables, tramitamos declaraciones complementarias si es necesario, y resolvemos dudas con la AEAT.<\/p>\t\t\t\t\t\t\t\t<\/div>\n\t\t\t\t<\/div>\n\t\t<div class=\"elementor-element elementor-element-38ec5f6 e-con-full e-flex e-con e-child\" data-id=\"38ec5f6\" data-element_type=\"container\" data-e-type=\"container\" data-settings=\"{&quot;background_background&quot;:&quot;classic&quot;}\">\n\t\t\t\t<div class=\"elementor-element elementor-element-b4e092f elementor-widget elementor-widget-heading\" data-id=\"b4e092f\" data-element_type=\"widget\" data-e-type=\"widget\" data-widget_type=\"heading.default\">\n\t\t\t\t\t<h3 class=\"elementor-heading-title elementor-size-default\">Declaraciones de IVA, IGIC y otros impuestos indirectos<\/h3>\t\t\t\t<\/div>\n\t\t\t\t<div class=\"elementor-element elementor-element-4313979 elementor-widget elementor-widget-text-editor\" data-id=\"4313979\" data-element_type=\"widget\" data-e-type=\"widget\" data-widget_type=\"text-editor.default\">\n\t\t\t\t\t\t\t\t\t<p>Gesti\u00f3n de modelos peri\u00f3dicos como el IVA (modelo 303), liquidaciones trimestrales, declaraciones intracomunitarias (modelo 349), devoluciones, y reg\u00edmenes especiales de IVA para distintos sectores.<\/p>\t\t\t\t\t\t\t\t<\/div>\n\t\t\t\t<\/div>\n\t\t<div class=\"elementor-element elementor-element-cebb927 e-con-full e-flex e-con e-child\" data-id=\"cebb927\" data-element_type=\"container\" data-e-type=\"container\" data-settings=\"{&quot;background_background&quot;:&quot;classic&quot;}\">\n\t\t\t\t<div class=\"elementor-element elementor-element-20fb435 elementor-widget elementor-widget-heading\" data-id=\"20fb435\" data-element_type=\"widget\" data-e-type=\"widget\" data-widget_type=\"heading.default\">\n\t\t\t\t\t<h3 class=\"elementor-heading-title elementor-size-default\">Impuesto de Sociedades<\/h3>\t\t\t\t<\/div>\n\t\t\t\t<div class=\"elementor-element elementor-element-87f9e2d elementor-widget elementor-widget-text-editor\" data-id=\"87f9e2d\" data-element_type=\"widget\" data-e-type=\"widget\" data-widget_type=\"text-editor.default\">\n\t\t\t\t\t\t\t\t\t<p>Asesor\u00eda completa para empresas: c\u00e1lculo del impuesto, planificaci\u00f3n fiscal para reducir la carga legalmente, elaboraci\u00f3n y presentaci\u00f3n del modelo correspondiente, y an\u00e1lisis de beneficios fiscales.<\/p>\t\t\t\t\t\t\t\t<\/div>\n\t\t\t\t<\/div>\n\t\t<div class=\"elementor-element elementor-element-f5b780a e-con-full e-flex e-con e-child\" data-id=\"f5b780a\" data-element_type=\"container\" data-e-type=\"container\" data-settings=\"{&quot;background_background&quot;:&quot;classic&quot;}\">\n\t\t\t\t<div class=\"elementor-element elementor-element-6abb463 elementor-widget elementor-widget-heading\" data-id=\"6abb463\" data-element_type=\"widget\" data-e-type=\"widget\" data-widget_type=\"heading.default\">\n\t\t\t\t\t<h3 class=\"elementor-heading-title elementor-size-default\">Planificaci\u00f3n fiscal anual y estrategia tributaria<\/h3>\t\t\t\t<\/div>\n\t\t\t\t<div class=\"elementor-element elementor-element-9db38c0 elementor-widget elementor-widget-text-editor\" data-id=\"9db38c0\" data-element_type=\"widget\" data-e-type=\"widget\" data-widget_type=\"text-editor.default\">\n\t\t\t\t\t\t\t\t\t<p>No solo cumplimos con obligaciones, sino que planificamos todo el a\u00f1o para aprovechar deducciones, incentivos fiscales y evitar pagos innecesarios. Tambi\u00e9n asesoramos sobre optimizaci\u00f3n patrimonial, donaciones, sucesiones y patrimonio.<\/p>\t\t\t\t\t\t\t\t<\/div>\n\t\t\t\t<\/div>\n\t\t<div class=\"elementor-element elementor-element-20df3da e-con-full e-flex e-con e-child\" data-id=\"20df3da\" data-element_type=\"container\" data-e-type=\"container\" data-settings=\"{&quot;background_background&quot;:&quot;classic&quot;}\">\n\t\t\t\t<div class=\"elementor-element elementor-element-e57984b elementor-widget elementor-widget-heading\" data-id=\"e57984b\" data-element_type=\"widget\" data-e-type=\"widget\" data-widget_type=\"heading.default\">\n\t\t\t\t\t<h3 class=\"elementor-heading-title elementor-size-default\">Gesti\u00f3n de impuestos locales y obligaciones especiales<\/h3>\t\t\t\t<\/div>\n\t\t\t\t<div class=\"elementor-element elementor-element-0cefb19 elementor-widget elementor-widget-text-editor\" data-id=\"0cefb19\" data-element_type=\"widget\" data-e-type=\"widget\" data-widget_type=\"text-editor.default\">\n\t\t\t\t\t\t\t\t\t<p>Asesoramiento sobre impuestos como el IAE, tasas municipales, impuestos sobre actos jur\u00eddicos documentados, retenciones a profesionales, rendimientos de capital mobiliario o inmobiliario, etc.<\/p>\t\t\t\t\t\t\t\t<\/div>\n\t\t\t\t<\/div>\n\t\t<div class=\"elementor-element elementor-element-b0420cb e-con-full e-flex e-con e-child\" data-id=\"b0420cb\" data-element_type=\"container\" data-e-type=\"container\" data-settings=\"{&quot;background_background&quot;:&quot;classic&quot;}\">\n\t\t\t\t<div class=\"elementor-element elementor-element-3e01530 elementor-widget elementor-widget-heading\" data-id=\"3e01530\" data-element_type=\"widget\" data-e-type=\"widget\" data-widget_type=\"heading.default\">\n\t\t\t\t\t<h3 class=\"elementor-heading-title elementor-size-default\">Declaraciones para no residentes y fiscalidad internacional<\/h3>\t\t\t\t<\/div>\n\t\t\t\t<div class=\"elementor-element elementor-element-6e10e9c elementor-widget elementor-widget-text-editor\" data-id=\"6e10e9c\" data-element_type=\"widget\" data-e-type=\"widget\" data-widget_type=\"text-editor.default\">\n\t\t\t\t\t\t\t\t\t<p>Si eres extranjero, tienes actividades fuera de Espa\u00f1a, o entidades extranjeras, te ayudamos a cumplir con modelos como el 210 o el 216, coordinar obligaciones internacionales, evitar doble imposici\u00f3n, etc.<\/p>\t\t\t\t\t\t\t\t<\/div>\n\t\t\t\t<\/div>\n\t\t<div class=\"elementor-element elementor-element-f2547b4 e-con-full e-flex e-con e-child\" data-id=\"f2547b4\" data-element_type=\"container\" data-e-type=\"container\" data-settings=\"{&quot;background_background&quot;:&quot;classic&quot;}\">\n\t\t\t\t<div class=\"elementor-element elementor-element-5abaad8 elementor-widget elementor-widget-heading\" data-id=\"5abaad8\" data-element_type=\"widget\" data-e-type=\"widget\" data-widget_type=\"heading.default\">\n\t\t\t\t\t<h3 class=\"elementor-heading-title elementor-size-default\">Asistencia ante inspecciones fiscales y defensa tributaria<\/h3>\t\t\t\t<\/div>\n\t\t\t\t<div class=\"elementor-element elementor-element-75ed25b elementor-widget elementor-widget-text-editor\" data-id=\"75ed25b\" data-element_type=\"widget\" data-e-type=\"widget\" data-widget_type=\"text-editor.default\">\n\t\t\t\t\t\t\t\t\t<p>Si recibes un requerimiento o inspecci\u00f3n por parte de la AEAT, representamos tus intereses, preparamos la documentaci\u00f3n, respuestas formales, alegaciones y todos los tr\u00e1mites legales necesarios.<\/p>\t\t\t\t\t\t\t\t<\/div>\n\t\t\t\t<\/div>\n\t\t<div class=\"elementor-element elementor-element-9f6ecd6 e-con-full e-flex e-con e-child\" data-id=\"9f6ecd6\" data-element_type=\"container\" data-e-type=\"container\" data-settings=\"{&quot;background_background&quot;:&quot;classic&quot;}\">\n\t\t\t\t<div class=\"elementor-element elementor-element-97751ef elementor-widget elementor-widget-heading\" data-id=\"97751ef\" data-element_type=\"widget\" data-e-type=\"widget\" data-widget_type=\"heading.default\">\n\t\t\t\t\t<h3 class=\"elementor-heading-title elementor-size-default\">Gesti\u00f3n de modelos y obligaciones formales<\/h3>\t\t\t\t<\/div>\n\t\t\t\t<div class=\"elementor-element elementor-element-980e092 elementor-widget elementor-widget-text-editor\" data-id=\"980e092\" data-element_type=\"widget\" data-e-type=\"widget\" data-widget_type=\"text-editor.default\">\n\t\t\t\t\t\t\t\t\t<p>Nos ocupamos de todos los modelos fiscales \u201cmenores\u201d que hay que presentar: retenciones a empleados, profesionales, modelos informativos, remisiones de res\u00famenes fiscales, etc.<\/p>\t\t\t\t\t\t\t\t<\/div>\n\t\t\t\t<\/div>\n\t\t\t\t<\/div>\n\t\t\t\t<\/div>\n\t\t\t\t<\/div>\n\t\t\t\t<div class=\"elementor-element elementor-element-5efb9ca elementor-widget elementor-widget-image\" data-id=\"5efb9ca\" data-element_type=\"widget\" data-e-type=\"widget\" data-widget_type=\"image.default\">\n\t\t\t\t\t\t\t\t\t\t\t\t\t\t\t<img decoding=\"async\" src=\"https:\/\/villaceasesores.com\/wp-content\/uploads\/sites\/43\/elementor\/thumbs\/faqs-villace-asesores-gestoria-villanueva-de-la-canada-alcorcon-madrid-rbjrbmu2aql7zkbdlhp9a66eu4qwn05c3zglod4ja8.avif\" title=\"faqs-villace-asesores-gestoria-villanueva-de-la-canada-alcorcon-madrid\" alt=\"faqs-villace-asesores-gestoria-villanueva-de-la-canada-alcorcon-madrid\" loading=\"lazy\" \/>\t\t\t\t\t\t\t\t\t\t\t\t\t\t\t<\/div>\n\t\t<div class=\"elementor-element elementor-element-cafc6e3 e-con-full e-flex e-con e-child\" data-id=\"cafc6e3\" data-element_type=\"container\" data-e-type=\"container\">\n\t\t<div class=\"elementor-element elementor-element-d0ed870 e-con-full e-flex e-con e-child\" data-id=\"d0ed870\" data-element_type=\"container\" data-e-type=\"container\">\n\t\t\t\t<div class=\"elementor-element elementor-element-7286820 elementor-widget elementor-widget-heading\" data-id=\"7286820\" data-element_type=\"widget\" data-e-type=\"widget\" data-widget_type=\"heading.default\">\n\t\t\t\t\t<h2 class=\"elementor-heading-title elementor-size-default\">\u00bfPor qu\u00e9 elegirnos para tu asesor\u00eda fiscal?<\/h2>\t\t\t\t<\/div>\n\t\t\t\t<div class=\"elementor-element elementor-element-cab9fad elementor-widget elementor-widget-text-editor\" data-id=\"cab9fad\" data-element_type=\"widget\" data-e-type=\"widget\" data-widget_type=\"text-editor.default\">\n\t\t\t\t\t\t\t\t\t<ul><li data-start=\"2892\" data-end=\"3036\"><p data-start=\"2894\" data-end=\"3036\"><strong data-start=\"2894\" data-end=\"2933\">Experiencia y fiabilidad desde 2013<\/strong>: m\u00e1s de una d\u00e9cada asesorando en fiscalidad real, con casos diversos, empresas y sectores distintos.<\/p><\/li><li data-start=\"3037\" data-end=\"3174\"><p data-start=\"3039\" data-end=\"3174\"><strong data-start=\"3039\" data-end=\"3075\">Atenci\u00f3n cercana y personalizada<\/strong>: te explicamos todo sin jerga t\u00e9cnica, te escuchamos para adaptar las soluciones a tu actividad.<\/p><\/li><li data-start=\"3175\" data-end=\"3317\"><p data-start=\"3177\" data-end=\"3317\"><strong data-start=\"3177\" data-end=\"3211\">Cumplimiento legal garantizado<\/strong>: estamos siempre al d\u00eda con la normativa tributaria espa\u00f1ola, cambios en leyes, plazos, sanciones, etc.<\/p><\/li><li data-start=\"3318\" data-end=\"3460\"><p data-start=\"3320\" data-end=\"3460\"><strong data-start=\"3320\" data-end=\"3342\">Ahorro fiscal real<\/strong>: buscamos las deducciones, los incentivos y la planificaci\u00f3n que te permita minimizar tus impuestos de forma legal.<\/p><\/li><li data-start=\"3461\" data-end=\"3611\"><p data-start=\"3463\" data-end=\"3611\"><strong data-start=\"3463\" data-end=\"3500\">Respuesta r\u00e1pida ante incidencias<\/strong>: reclamaciones, inspecciones, requerimientos o urgencias, respaldados por nuestro equipo para darte seguridad.<\/p><\/li><\/ul>\t\t\t\t\t\t\t\t<\/div>\n\t\t\t\t<\/div>\n\t\t<div class=\"elementor-element elementor-element-a349e6d e-con-full e-flex e-con e-child\" data-id=\"a349e6d\" data-element_type=\"container\" data-e-type=\"container\">\n\t\t\t\t<div class=\"elementor-element elementor-element-1cfe79a elementor-widget elementor-widget-heading\" data-id=\"1cfe79a\" data-element_type=\"widget\" data-e-type=\"widget\" data-widget_type=\"heading.default\">\n\t\t\t\t\t<h2 class=\"elementor-heading-title elementor-size-default\">\u00bfC\u00f3mo trabajamos contigo?<\/h2>\t\t\t\t<\/div>\n\t\t\t\t<div class=\"elementor-element elementor-element-7f8f298 elementor-widget elementor-widget-text-editor\" data-id=\"7f8f298\" data-element_type=\"widget\" data-e-type=\"widget\" data-widget_type=\"text-editor.default\">\n\t\t\t\t\t\t\t\t\t<ol><li data-start=\"3649\" data-end=\"3726\"><p data-start=\"3652\" data-end=\"3726\">Primera reuni\u00f3n (presencial o virtual) para conocer tu situaci\u00f3n fiscal.<\/p><\/li><li data-start=\"3727\" data-end=\"3847\"><p data-start=\"3730\" data-end=\"3847\">Estudio de tus obligaciones \u2014rutinas de pago de impuestos, plazos, modelos aplicables\u2014 y propuesta de optimizaci\u00f3n.<\/p><\/li><li data-start=\"3848\" data-end=\"3888\"><p data-start=\"3851\" data-end=\"3888\">Recolecci\u00f3n de datos\/documentaci\u00f3n.<\/p><\/li><li data-start=\"3889\" data-end=\"3967\"><p data-start=\"3892\" data-end=\"3967\">Preparaci\u00f3n y presentaci\u00f3n de declaraciones, modelos fiscales e informes.<\/p><\/li><li data-start=\"3968\" data-end=\"4049\"><p data-start=\"3971\" data-end=\"4049\">Seguimiento anual para que sigas al d\u00eda y aprovechar oportunidades fiscales.<\/p><\/li><li data-start=\"4050\" data-end=\"4102\"><p data-start=\"4053\" data-end=\"4102\">Defensa en caso de inspecciones o requerimientos.<\/p><\/li><\/ol>\t\t\t\t\t\t\t\t<\/div>\n\t\t\t\t<\/div>\n\t\t<div class=\"elementor-element elementor-element-2b9165b e-con-full e-flex e-con e-child\" data-id=\"2b9165b\" data-element_type=\"container\" data-e-type=\"container\">\n\t\t\t\t<div class=\"elementor-element elementor-element-df0fd10 elementor-widget elementor-widget-heading\" data-id=\"df0fd10\" data-element_type=\"widget\" data-e-type=\"widget\" data-widget_type=\"heading.default\">\n\t\t\t\t\t<h2 class=\"elementor-heading-title elementor-size-default\">Contacta para tu asesor\u00eda fiscal<\/h2>\t\t\t\t<\/div>\n\t\t\t\t<div class=\"elementor-element elementor-element-dafef25 elementor-widget elementor-widget-text-editor\" data-id=\"dafef25\" data-element_type=\"widget\" data-e-type=\"widget\" data-widget_type=\"text-editor.default\">\n\t\t\t\t\t\t\t\t\t<p>Si buscas una gestor\u00eda Fiscal en Villanueva de la Ca\u00f1ada que combine <strong data-start=\"4216\" data-end=\"4254\">experiencia, cercan\u00eda y resultados<\/strong>, ponte en contacto con nosotros. Te ayudamos a cumplir con Hacienda sin dolores de cabeza.<\/p>\t\t\t\t\t\t\t\t<\/div>\n\t\t\t\t<\/div>\n\t\t\t\t<\/div>\n\t\t\t\t<\/div>\n\t\t\t\t<\/div>","protected":false},"excerpt":{"rendered":"<p>En Villace Asesores ofrecemos un servicio de asesor\u00eda fiscal en Madrid completo y adaptado a las necesidades de aut\u00f3nomos, PYMES y particulares. Desde 2013, nos encargamos de todo lo que implica cumplir con Hacienda, presentar impuestos y planificar tu carga fiscal para que pagues lo justo, sin sorpresas. Servicios que ofrecemos Estos son los servicios [&hellip;]<\/p>\n","protected":false},"author":1,"featured_media":322,"parent":244,"menu_order":0,"comment_status":"closed","ping_status":"closed","template":"","meta":{"footnotes":""},"class_list":["post-380","page","type-page","status-publish","has-post-thumbnail","hentry"],"_links":{"self":[{"href":"https:\/\/villaceasesores.com\/en\/wp-json\/wp\/v2\/pages\/380","targetHints":{"allow":["GET"]}}],"collection":[{"href":"https:\/\/villaceasesores.com\/en\/wp-json\/wp\/v2\/pages"}],"about":[{"href":"https:\/\/villaceasesores.com\/en\/wp-json\/wp\/v2\/types\/page"}],"author":[{"embeddable":true,"href":"https:\/\/villaceasesores.com\/en\/wp-json\/wp\/v2\/users\/1"}],"replies":[{"embeddable":true,"href":"https:\/\/villaceasesores.com\/en\/wp-json\/wp\/v2\/comments?post=380"}],"version-history":[{"count":0,"href":"https:\/\/villaceasesores.com\/en\/wp-json\/wp\/v2\/pages\/380\/revisions"}],"up":[{"embeddable":true,"href":"https:\/\/villaceasesores.com\/en\/wp-json\/wp\/v2\/pages\/244"}],"wp:featuredmedia":[{"embeddable":true,"href":"https:\/\/villaceasesores.com\/en\/wp-json\/wp\/v2\/media\/322"}],"wp:attachment":[{"href":"https:\/\/villaceasesores.com\/en\/wp-json\/wp\/v2\/media?parent=380"}],"curies":[{"name":"wp","href":"https:\/\/api.w.org\/{rel}","templated":true}]}}